{"id":95,"date":"2024-07-06T18:19:53","date_gmt":"2024-07-06T18:19:53","guid":{"rendered":"https:\/\/fbsgeneralpartner.com\/?page_id=95"},"modified":"2024-10-29T08:46:45","modified_gmt":"2024-10-29T08:46:45","slug":"governanca","status":"publish","type":"page","link":"https:\/\/fbsgeneralpartner.com\/en\/governanca\/","title":{"rendered":"Management"},"content":{"rendered":"<div data-elementor-type=\"wp-page\" data-elementor-id=\"95\" class=\"elementor elementor-95\">\n\t\t\t\t<div class=\"elementor-element elementor-element-d34c462 animated-slow e-flex e-con-boxed elementor-invisible e-con e-parent\" data-id=\"d34c462\" data-element_type=\"container\" data-e-type=\"container\" data-settings=\"{&quot;background_background&quot;:&quot;classic&quot;,&quot;animation&quot;:&quot;fadeIn&quot;,&quot;shape_divider_bottom&quot;:&quot;mountains&quot;}\">\n\t\t\t\t\t<div class=\"e-con-inner\">\n\t\t\t\t<div class=\"elementor-shape elementor-shape-bottom\" aria-hidden=\"true\" data-negative=\"false\">\n\t\t\t<svg xmlns=\"http:\/\/www.w3.org\/2000\/svg\" viewbox=\"0 0 1000 100\" preserveaspectratio=\"none\">\n\t<path class=\"elementor-shape-fill\" opacity=\"0.33\" d=\"M473,67.3c-203.9,88.3-263.1-34-320.3,0C66,119.1,0,59.7,0,59.7V0h1000v59.7 c0,0-62.1,26.1-94.9,29.3c-32.8,3.3-62.8-12.3-75.8-22.1C806,49.6,745.3,8.7,694.9,4.7S492.4,59,473,67.3z\"\/>\n\t<path class=\"elementor-shape-fill\" opacity=\"0.66\" d=\"M734,67.3c-45.5,0-77.2-23.2-129.1-39.1c-28.6-8.7-150.3-10.1-254,39.1 s-91.7-34.4-149.2,0C115.7,118.3,0,39.8,0,39.8V0h1000v36.5c0,0-28.2-18.5-92.1-18.5C810.2,18.1,775.7,67.3,734,67.3z\"\/>\n\t<path class=\"elementor-shape-fill\" d=\"M766.1,28.9c-200-57.5-266,65.5-395.1,19.5C242,1.8,242,5.4,184.8,20.6C128,35.8,132.3,44.9,89.9,52.5C28.6,63.7,0,0,0,0 h1000c0,0-9.9,40.9-83.6,48.1S829.6,47,766.1,28.9z\"\/>\n<\/svg>\t\t<\/div>\n\t\t\t\t<div class=\"elementor-element elementor-element-f768613 elementor-widget elementor-widget-spacer\" data-id=\"f768613\" data-element_type=\"widget\" data-e-type=\"widget\" data-widget_type=\"spacer.default\">\n\t\t\t\t<div class=\"elementor-widget-container\">\n\t\t\t\t\t\t\t<div class=\"elementor-spacer\">\n\t\t\t<div class=\"elementor-spacer-inner\"><\/div>\n\t\t<\/div>\n\t\t\t\t\t\t<\/div>\n\t\t\t\t<\/div>\n\t\t\t\t<div class=\"elementor-element elementor-element-db8bf9f animated-slow elementor-invisible elementor-widget elementor-widget-page-title\" data-id=\"db8bf9f\" data-element_type=\"widget\" data-e-type=\"widget\" data-settings=\"{&quot;align&quot;:&quot;center&quot;,&quot;_animation&quot;:&quot;fadeIn&quot;,&quot;_animation_delay&quot;:500}\" data-widget_type=\"page-title.default\">\n\t\t\t\t<div class=\"elementor-widget-container\">\n\t\t\t\t\t\t\t\n\t\t<div class=\"hfe-page-title hfe-page-title-wrapper elementor-widget-heading\">\n\n\t\t\t\t\t\t\t\t\t\t\t<a href=\"https:\/\/fbsgeneralpartner.com\/en\">\n\t\t\t\t\t\t<h1 class=\"elementor-heading-title elementor-size-default\">\n\t\t\t\t\t\t\t\t\n\t\t\t\tManagement  \n\t\t\t<\/h1> \n\t\t\t\t\t\t\t\t\t<\/a>\n\t\t\t\t\t<\/div>\n\t\t\t\t\t\t<\/div>\n\t\t\t\t<\/div>\n\t\t\t\t<div class=\"elementor-element elementor-element-ecb9a18 elementor-widget elementor-widget-spacer\" data-id=\"ecb9a18\" data-element_type=\"widget\" data-e-type=\"widget\" data-widget_type=\"spacer.default\">\n\t\t\t\t<div class=\"elementor-widget-container\">\n\t\t\t\t\t\t\t<div class=\"elementor-spacer\">\n\t\t\t<div class=\"elementor-spacer-inner\"><\/div>\n\t\t<\/div>\n\t\t\t\t\t\t<\/div>\n\t\t\t\t<\/div>\n\t\t\t\t\t<\/div>\n\t\t\t\t<\/div>\n\t\t<div class=\"elementor-element elementor-element-f967f0e animated-slow e-flex e-con-boxed elementor-invisible e-con e-parent\" data-id=\"f967f0e\" data-element_type=\"container\" data-e-type=\"container\" data-settings=\"{&quot;background_background&quot;:&quot;classic&quot;,&quot;animation&quot;:&quot;fadeIn&quot;}\">\n\t\t\t\t\t<div class=\"e-con-inner\">\n\t\t<div class=\"elementor-element elementor-element-ac4b126 e-con-full e-flex e-con e-child\" data-id=\"ac4b126\" data-element_type=\"container\" data-e-type=\"container\">\n\t\t\t\t<div class=\"elementor-element elementor-element-ec1a9ed elementor-widget elementor-widget-heading\" data-id=\"ec1a9ed\" data-element_type=\"widget\" data-e-type=\"widget\" data-widget_type=\"heading.default\">\n\t\t\t\t<div class=\"elementor-widget-container\">\n\t\t\t\t\t<h3 class=\"elementor-heading-title elementor-size-default\">We are independent managers, building relationships of strong trust because we believe that this is the only way we can provide a quality service, we provide an innovative service, formalized and of excellence, thanks to a team with extensive experience and deep knowledge of the financial markets.<\/h3>\t\t\t\t<\/div>\n\t\t\t\t<\/div>\n\t\t\t\t<\/div>\n\t\t<div class=\"elementor-element elementor-element-52c3811 e-con-full e-flex e-con e-child\" data-id=\"52c3811\" data-element_type=\"container\" data-e-type=\"container\">\n\t\t\t\t<div class=\"elementor-element elementor-element-9516667 elementor-widget elementor-widget-image\" data-id=\"9516667\" data-element_type=\"widget\" data-e-type=\"widget\" data-widget_type=\"image.default\">\n\t\t\t\t<div class=\"elementor-widget-container\">\n\t\t\t\t\t\t\t\t\t\t\t\t\t\t\t<img decoding=\"async\" width=\"300\" height=\"67\" src=\"https:\/\/fbsgeneralpartner.com\/wp-content\/uploads\/2023\/09\/FBS-GP-Logo-White-300x67.png\" class=\"attachment-medium size-medium wp-image-122\" alt=\"\" srcset=\"https:\/\/fbsgeneralpartner.com\/wp-content\/uploads\/2023\/09\/FBS-GP-Logo-White-300x67.png 300w, https:\/\/fbsgeneralpartner.com\/wp-content\/uploads\/2023\/09\/FBS-GP-Logo-White-768x172.png 768w, https:\/\/fbsgeneralpartner.com\/wp-content\/uploads\/2023\/09\/FBS-GP-Logo-White-18x4.png 18w, https:\/\/fbsgeneralpartner.com\/wp-content\/uploads\/2023\/09\/FBS-GP-Logo-White.png 954w\" sizes=\"(max-width: 300px) 100vw, 300px\" \/>\t\t\t\t\t\t\t\t\t\t\t\t\t\t\t<\/div>\n\t\t\t\t<\/div>\n\t\t\t\t<\/div>\n\t\t\t\t\t<\/div>\n\t\t\t\t<\/div>\n\t\t<div class=\"elementor-element elementor-element-46fbfde e-flex e-con-boxed e-con e-parent\" data-id=\"46fbfde\" data-element_type=\"container\" data-e-type=\"container\">\n\t\t\t\t\t<div class=\"e-con-inner\">\n\t\t\t\t<div class=\"elementor-element elementor-element-5a2ddc5 elementor-widget elementor-widget-heading\" data-id=\"5a2ddc5\" data-element_type=\"widget\" data-e-type=\"widget\" data-widget_type=\"heading.default\">\n\t\t\t\t<div class=\"elementor-widget-container\">\n\t\t\t\t\t<h2 class=\"elementor-heading-title elementor-size-default\">Management Team<\/h2>\t\t\t\t<\/div>\n\t\t\t\t<\/div>\n\t\t<div class=\"elementor-element elementor-element-aeb8f20 e-con-full e-flex e-con e-child\" data-id=\"aeb8f20\" data-element_type=\"container\" data-e-type=\"container\">\n\t\t<div class=\"elementor-element elementor-element-f82635b e-con-full e-flex e-con e-child\" data-id=\"f82635b\" data-element_type=\"container\" data-e-type=\"container\">\n\t\t\t\t<div class=\"elementor-element elementor-element-6b7393e elementor-widget elementor-widget-image\" data-id=\"6b7393e\" data-element_type=\"widget\" data-e-type=\"widget\" data-widget_type=\"image.default\">\n\t\t\t\t<div class=\"elementor-widget-container\">\n\t\t\t\t\t\t\t\t\t\t\t\t\t\t\t<img decoding=\"async\" width=\"200\" height=\"200\" src=\"https:\/\/fbsgeneralpartner.com\/wp-content\/uploads\/2024\/09\/Fernando-Botelho-de-Sousa.jpg\" class=\"attachment-large size-large wp-image-702\" alt=\"\" srcset=\"https:\/\/fbsgeneralpartner.com\/wp-content\/uploads\/2024\/09\/Fernando-Botelho-de-Sousa.jpg 200w, https:\/\/fbsgeneralpartner.com\/wp-content\/uploads\/2024\/09\/Fernando-Botelho-de-Sousa-150x150.jpg 150w, https:\/\/fbsgeneralpartner.com\/wp-content\/uploads\/2024\/09\/Fernando-Botelho-de-Sousa-12x12.jpg 12w\" sizes=\"(max-width: 200px) 100vw, 200px\" \/>\t\t\t\t\t\t\t\t\t\t\t\t\t\t\t<\/div>\n\t\t\t\t<\/div>\n\t\t\t\t<\/div>\n\t\t<div class=\"elementor-element elementor-element-d0f9407 e-con-full e-flex e-con e-child\" data-id=\"d0f9407\" data-element_type=\"container\" data-e-type=\"container\">\n\t\t\t\t<div class=\"elementor-element elementor-element-2df5a26 elementor-widget elementor-widget-text-editor\" data-id=\"2df5a26\" data-element_type=\"widget\" data-e-type=\"widget\" data-widget_type=\"text-editor.default\">\n\t\t\t\t<div class=\"elementor-widget-container\">\n\t\t\t\t\t\t\t\t\t<p><strong>Fernando A. Botelho de Sousa<\/strong><br \/>MANAGING PARTNER AND FOUNDER (FBS-FUND GENERAL PARTNER G.P. S.A.R.L.)<\/p><ul><li>Degree in Civil Engineering, Faculty of Engineering of the University of Porto 1975-1980<\/li><li>M.B.A-Management and Marketing-ISCTE-University of Lisbon-1992-1993<\/li><li>Technical Institute for Training and Research (ITFI)-PORTO-General Programme of Business Administration-1978-1980<\/li><li>London School of Economics (LSE)-LONDRES, UK-2023-Real Estate Economics and Finance 2023<\/li><li>Member of the Institution of Engineers (Portugal, Australia, United Kingdom)<\/li><li>Member of the Association of Evaluators (Portugal)<\/li><li>CEO of IRBOSOL SGPS GROUP. Lda. -Real Estate Group with companies in all spectrums of real estate and financial business. (2001-2024)<\/li><li>Managing Director of Vale do Lobo Resort Group of Companies (1994-2000)<\/li><\/ul>\t\t\t\t\t\t\t\t<\/div>\n\t\t\t\t<\/div>\n\t\t\t\t<\/div>\n\t\t\t\t<\/div>\n\t\t<div class=\"elementor-element elementor-element-5b4ae6d e-con-full e-flex e-con e-child\" data-id=\"5b4ae6d\" data-element_type=\"container\" data-e-type=\"container\">\n\t\t<div class=\"elementor-element elementor-element-7c72eee e-con-full e-flex e-con e-child\" data-id=\"7c72eee\" data-element_type=\"container\" data-e-type=\"container\">\n\t\t\t\t<div class=\"elementor-element elementor-element-57e73b3 elementor-widget elementor-widget-text-editor\" data-id=\"57e73b3\" data-element_type=\"widget\" data-e-type=\"widget\" data-widget_type=\"text-editor.default\">\n\t\t\t\t<div class=\"elementor-widget-container\">\n\t\t\t\t\t\t\t\t\t<p><strong>Marcel Urban<\/strong><br \/>DIRECTOR ADMINISTRATION AND MARKETING (FBS-FUND GENERAL PARTNER G.P. S.A.R.L.)<\/p><p>Marcel has dedicated over eight years to the financial services industry, combining his expertise in US equity analysis with advanced quantitative trading and portfolio management. Starting as an analyst, he quickly progressed to proprietary trading for a US company, and later to managing portfolios for family offices and high-net-worth individuals across Europe. Marcel\u2019s role as a portfolio manager at a Scottish multi-manager platform further honed his skills in strategy assessment and integration.<br \/>His academic journey began at Fern Universit\u00e4t in Hagen, later complemented by certifications in Capital Markets &amp; Securities Analysis and Financial Planning &amp; Wealth Management from The Corporate Finance Institute. Marcel\u2019s proficiency in Python and R has been crucial in developing quantitative trading models and risk management tools, showcasing his commitment to data-driven, analytical approaches in finance.<br \/>He is currently a Quantitative Trader &amp; Researcher at StratBench, where he is responsible for performance monitoring, model development, as well as strategy optimization and Backtesting.<\/p>\t\t\t\t\t\t\t\t<\/div>\n\t\t\t\t<\/div>\n\t\t\t\t<\/div>\n\t\t<div class=\"elementor-element elementor-element-bc2441b e-con-full e-flex e-con e-child\" data-id=\"bc2441b\" data-element_type=\"container\" data-e-type=\"container\">\n\t\t\t\t<div class=\"elementor-element elementor-element-b5e8b4a elementor-widget elementor-widget-image\" data-id=\"b5e8b4a\" data-element_type=\"widget\" data-e-type=\"widget\" data-widget_type=\"image.default\">\n\t\t\t\t<div class=\"elementor-widget-container\">\n\t\t\t\t\t\t\t\t\t\t\t\t\t\t\t<img fetchpriority=\"high\" decoding=\"async\" width=\"269\" height=\"300\" src=\"https:\/\/fbsgeneralpartner.com\/wp-content\/uploads\/2024\/09\/Marcel-Urban.jpg\" class=\"attachment-large size-large wp-image-703\" alt=\"\" srcset=\"https:\/\/fbsgeneralpartner.com\/wp-content\/uploads\/2024\/09\/Marcel-Urban.jpg 269w, https:\/\/fbsgeneralpartner.com\/wp-content\/uploads\/2024\/09\/Marcel-Urban-11x12.jpg 11w\" sizes=\"(max-width: 269px) 100vw, 269px\" \/>\t\t\t\t\t\t\t\t\t\t\t\t\t\t\t<\/div>\n\t\t\t\t<\/div>\n\t\t\t\t<\/div>\n\t\t\t\t<\/div>\n\t\t\t\t\t<\/div>\n\t\t\t\t<\/div>\n\t\t<div class=\"elementor-element elementor-element-0f13e11 e-flex e-con-boxed e-con e-parent\" data-id=\"0f13e11\" data-element_type=\"container\" data-e-type=\"container\" data-settings=\"{&quot;background_background&quot;:&quot;classic&quot;}\">\n\t\t\t\t\t<div class=\"e-con-inner\">\n\t\t\t\t<div class=\"elementor-element elementor-element-546c7fa animated-slow elementor-invisible elementor-widget elementor-widget-text-editor\" data-id=\"546c7fa\" data-element_type=\"widget\" data-e-type=\"widget\" data-settings=\"{&quot;_animation&quot;:&quot;fadeIn&quot;,&quot;_animation_delay&quot;:500}\" data-widget_type=\"text-editor.default\">\n\t\t\t\t<div class=\"elementor-widget-container\">\n\t\t\t\t\t\t\t\t\t<p>The way we think about investing determines how we act.<\/p>\t\t\t\t\t\t\t\t<\/div>\n\t\t\t\t<\/div>\n\t\t\t\t<div class=\"elementor-element elementor-element-06978ab animated-slow elementor-invisible elementor-widget elementor-widget-heading\" data-id=\"06978ab\" data-element_type=\"widget\" data-e-type=\"widget\" data-settings=\"{&quot;_animation&quot;:&quot;fadeIn&quot;}\" data-widget_type=\"heading.default\">\n\t\t\t\t<div class=\"elementor-widget-container\">\n\t\t\t\t\t<h2 class=\"elementor-heading-title elementor-size-default\">Investment Philosophy<\/h2>\t\t\t\t<\/div>\n\t\t\t\t<\/div>\n\t\t<div class=\"elementor-element elementor-element-57c068a e-con-full e-flex e-con e-child\" data-id=\"57c068a\" data-element_type=\"container\" data-e-type=\"container\">\n\t\t<div class=\"elementor-element elementor-element-62406e6 e-con-full e-flex elementor-invisible e-con e-child\" data-id=\"62406e6\" data-element_type=\"container\" data-e-type=\"container\" data-settings=\"{&quot;animation&quot;:&quot;fadeInUp&quot;}\">\n\t\t\t\t<div class=\"elementor-element elementor-element-c70ac9e elementor-widget elementor-widget-heading\" data-id=\"c70ac9e\" data-element_type=\"widget\" data-e-type=\"widget\" data-widget_type=\"heading.default\">\n\t\t\t\t<div class=\"elementor-widget-container\">\n\t\t\t\t\t<h2 class=\"elementor-heading-title elementor-size-default\">1.<\/h2>\t\t\t\t<\/div>\n\t\t\t\t<\/div>\n\t\t\t\t<div class=\"elementor-element elementor-element-800ec84 elementor-widget elementor-widget-text-editor\" data-id=\"800ec84\" data-element_type=\"widget\" data-e-type=\"widget\" data-widget_type=\"text-editor.default\">\n\t\t\t\t<div class=\"elementor-widget-container\">\n\t\t\t\t\t\t\t\t\t<p><strong>Always make the right decisions when they are the main ones<\/strong><\/p><p>Good long-term returns are generated by correctly identifying and making an investment decision that takes advantage of economic cycles.<\/p>\t\t\t\t\t\t\t\t<\/div>\n\t\t\t\t<\/div>\n\t\t\t\t<div class=\"elementor-element elementor-element-6be28e7 elementor-widget elementor-widget-heading\" data-id=\"6be28e7\" data-element_type=\"widget\" data-e-type=\"widget\" data-widget_type=\"heading.default\">\n\t\t\t\t<div class=\"elementor-widget-container\">\n\t\t\t\t\t<h2 class=\"elementor-heading-title elementor-size-default\">2.<\/h2>\t\t\t\t<\/div>\n\t\t\t\t<\/div>\n\t\t\t\t<div class=\"elementor-element elementor-element-d9cbabf elementor-widget elementor-widget-text-editor\" data-id=\"d9cbabf\" data-element_type=\"widget\" data-e-type=\"widget\" data-widget_type=\"text-editor.default\">\n\t\t\t\t<div class=\"elementor-widget-container\">\n\t\t\t\t\t\t\t\t\t<p><strong>Buy at the right price<\/strong><\/p><p>The price at which we buy dictates the future outcome.<\/p>\t\t\t\t\t\t\t\t<\/div>\n\t\t\t\t<\/div>\n\t\t\t\t<div class=\"elementor-element elementor-element-a5d5234 elementor-widget elementor-widget-heading\" data-id=\"a5d5234\" data-element_type=\"widget\" data-e-type=\"widget\" data-widget_type=\"heading.default\">\n\t\t\t\t<div class=\"elementor-widget-container\">\n\t\t\t\t\t<h2 class=\"elementor-heading-title elementor-size-default\">3.<\/h2>\t\t\t\t<\/div>\n\t\t\t\t<\/div>\n\t\t\t\t<div class=\"elementor-element elementor-element-e9a0e52 elementor-widget elementor-widget-text-editor\" data-id=\"e9a0e52\" data-element_type=\"widget\" data-e-type=\"widget\" data-widget_type=\"text-editor.default\">\n\t\t\t\t<div class=\"elementor-widget-container\">\n\t\t\t\t\t\t\t\t\t<p><strong>Always have a long-term perspective and be patient<\/strong><\/p><p>Speculation is a short-term activity with the inherent instability of the outcome it generates.<\/p>\t\t\t\t\t\t\t\t<\/div>\n\t\t\t\t<\/div>\n\t\t\t\t<div class=\"elementor-element elementor-element-d960973 elementor-widget elementor-widget-heading\" data-id=\"d960973\" data-element_type=\"widget\" data-e-type=\"widget\" data-widget_type=\"heading.default\">\n\t\t\t\t<div class=\"elementor-widget-container\">\n\t\t\t\t\t<h2 class=\"elementor-heading-title elementor-size-default\">4.<\/h2>\t\t\t\t<\/div>\n\t\t\t\t<\/div>\n\t\t\t\t<div class=\"elementor-element elementor-element-ca19c6d elementor-widget elementor-widget-text-editor\" data-id=\"ca19c6d\" data-element_type=\"widget\" data-e-type=\"widget\" data-widget_type=\"text-editor.default\">\n\t\t\t\t<div class=\"elementor-widget-container\">\n\t\t\t\t\t\t\t\t\t<p><strong>Ignore the benchmark when building the portfolio<\/strong><\/p><p>Portfolios should be built by applying objectives; perspectives independent of their composition. To be better than the majority, you have to be different from the majority.<\/p>\t\t\t\t\t\t\t\t<\/div>\n\t\t\t\t<\/div>\n\t\t\t\t<div class=\"elementor-element elementor-element-fcf97b1 elementor-widget elementor-widget-heading\" data-id=\"fcf97b1\" data-element_type=\"widget\" data-e-type=\"widget\" data-widget_type=\"heading.default\">\n\t\t\t\t<div class=\"elementor-widget-container\">\n\t\t\t\t\t<h2 class=\"elementor-heading-title elementor-size-default\">5.<\/h2>\t\t\t\t<\/div>\n\t\t\t\t<\/div>\n\t\t\t\t<div class=\"elementor-element elementor-element-5ad3743 elementor-widget elementor-widget-text-editor\" data-id=\"5ad3743\" data-element_type=\"widget\" data-e-type=\"widget\" data-widget_type=\"text-editor.default\">\n\t\t\t\t<div class=\"elementor-widget-container\">\n\t\t\t\t\t\t\t\t\t<p><strong>Diversify and manage risk<\/strong><\/p><p>Diversification offers the investor the chance to manage the risk of being wrong.<\/p>\t\t\t\t\t\t\t\t<\/div>\n\t\t\t\t<\/div>\n\t\t\t\t<\/div>\n\t\t<div class=\"elementor-element elementor-element-d899ecd e-con-full e-flex elementor-invisible e-con e-child\" data-id=\"d899ecd\" data-element_type=\"container\" data-e-type=\"container\" data-settings=\"{&quot;animation&quot;:&quot;fadeInUp&quot;,&quot;animation_delay&quot;:600}\">\n\t\t\t\t<\/div>\n\t\t\t\t<\/div>\n\t\t\t\t\t<\/div>\n\t\t\t\t<\/div>\n\t\t<div class=\"elementor-element elementor-element-0a0d07f e-flex e-con-boxed e-con e-parent\" data-id=\"0a0d07f\" data-element_type=\"container\" data-e-type=\"container\">\n\t\t\t\t\t<div class=\"e-con-inner\">\n\t\t\t\t<div class=\"elementor-element elementor-element-3fd5191 animated-slow elementor-invisible elementor-widget elementor-widget-text-editor\" data-id=\"3fd5191\" data-element_type=\"widget\" data-e-type=\"widget\" data-settings=\"{&quot;_animation&quot;:&quot;fadeIn&quot;}\" data-widget_type=\"text-editor.default\">\n\t\t\t\t<div class=\"elementor-widget-container\">\n\t\t\t\t\t\t\t\t\t<p>The FBS-G.P. has adopted the Luxembourg Model of Government in line with EU laws.<\/p>\t\t\t\t\t\t\t\t<\/div>\n\t\t\t\t<\/div>\n\t\t\t\t<div class=\"elementor-element elementor-element-05b5626 animated-slow elementor-invisible elementor-widget elementor-widget-heading\" data-id=\"05b5626\" data-element_type=\"widget\" data-e-type=\"widget\" data-settings=\"{&quot;_animation&quot;:&quot;fadeIn&quot;}\" data-widget_type=\"heading.default\">\n\t\t\t\t<div class=\"elementor-widget-container\">\n\t\t\t\t\t<h3 class=\"elementor-heading-title elementor-size-default\">Governance Model<\/h3>\t\t\t\t<\/div>\n\t\t\t\t<\/div>\n\t\t\t\t<div class=\"elementor-element elementor-element-5d52142 elementor-widget__width-initial animated-slow elementor-hidden-mobile elementor-invisible elementor-widget elementor-widget-html\" data-id=\"5d52142\" data-element_type=\"widget\" data-e-type=\"widget\" data-settings=\"{&quot;_animation&quot;:&quot;fadeIn&quot;}\" data-widget_type=\"html.default\">\n\t\t\t\t<div class=\"elementor-widget-container\">\n\t\t\t\t\t<table>\n    <thead>\n        <tr>\n            <td>Independent Committees<\/td>\n            <td>Audit<\/td>\n            <td>Compensation<\/td>\n            <td>Governance Model<\/td>\n            <td>Counselor<\/td>\n        <\/tr>\n    <\/thead>\n    <tbody>\n        <tr>\n            <td><b>General Partner<\/b><\/td>\n            <td>\u2713<\/td>\n            <td>\u2713<\/td>\n            <td>\u2713<\/td>\n            <td>\u2713<\/td>\n        <\/tr>\n    <\/tbody>\n<\/table>\t\t\t\t<\/div>\n\t\t\t\t<\/div>\n\t\t\t\t<div class=\"elementor-element elementor-element-416db01 elementor-widget__width-initial animated-slow elementor-hidden-desktop elementor-hidden-tablet elementor-invisible elementor-widget elementor-widget-html\" data-id=\"416db01\" data-element_type=\"widget\" data-e-type=\"widget\" data-settings=\"{&quot;_animation&quot;:&quot;fadeIn&quot;}\" data-widget_type=\"html.default\">\n\t\t\t\t<div class=\"elementor-widget-container\">\n\t\t\t\t\t<table>\n    <thead>\n        <tr>\n            <th style='text-align:left;'>Independent Committees<\/th>\n            <th>General Partner<\/th>\n        <\/tr>\n    <\/thead>\n    <tbody>\n        <tr>\n            <td>Audit<\/td>\n            <td style='text-align:center;'>\u2713<\/td>\n        <\/tr>\n        <tr>\n            <td>Compensation<\/td>\n            <td style='text-align:center;'>\u2713<\/td>\n        <\/tr>\n        <tr>\n            <td>Governance Model<\/td>\n            <td style='text-align:center;'>\u2713<\/td>\n        <\/tr>\n        <tr>\n            <td>Counselor<\/td>\n            <td style='text-align:center;'>\u2713<\/td>\n        <\/tr>\n    <\/tbody>\n<\/table>\t\t\t\t<\/div>\n\t\t\t\t<\/div>\n\t\t\t\t\t<\/div>\n\t\t\t\t<\/div>\n\t\t<div class=\"elementor-element elementor-element-be5fb17 e-flex e-con-boxed e-con e-parent\" data-id=\"be5fb17\" data-element_type=\"container\" data-e-type=\"container\">\n\t\t\t\t\t<div class=\"e-con-inner\">\n\t\t\t\t<div class=\"elementor-element elementor-element-94853d7 elementor-widget elementor-widget-heading\" data-id=\"94853d7\" data-element_type=\"widget\" data-e-type=\"widget\" data-widget_type=\"heading.default\">\n\t\t\t\t<div class=\"elementor-widget-container\">\n\t\t\t\t\t<h3 class=\"elementor-heading-title elementor-size-default\">Governance Documents<\/h3>\t\t\t\t<\/div>\n\t\t\t\t<\/div>\n\t\t\t\t<div class=\"elementor-element elementor-element-a9fbb69 elementor-widget elementor-widget-text-editor\" data-id=\"a9fbb69\" data-element_type=\"widget\" data-e-type=\"widget\" data-widget_type=\"text-editor.default\">\n\t\t\t\t<div class=\"elementor-widget-container\">\n\t\t\t\t\t\t\t\t\t<p>Code of Conduct and Ethics (available soon)<\/p><p>Broad Lines of the Governance Model (available soon)<\/p>\t\t\t\t\t\t\t\t<\/div>\n\t\t\t\t<\/div>\n\t\t\t\t\t<\/div>\n\t\t\t\t<\/div>\n\t\t<div class=\"elementor-element elementor-element-d376a46 e-flex e-con-boxed e-con e-parent\" data-id=\"d376a46\" data-element_type=\"container\" data-e-type=\"container\">\n\t\t\t\t\t<div class=\"e-con-inner\">\n\t\t\t\t<div class=\"elementor-element elementor-element-611ee76 elementor-widget elementor-widget-heading\" data-id=\"611ee76\" data-element_type=\"widget\" data-e-type=\"widget\" data-widget_type=\"heading.default\">\n\t\t\t\t<div class=\"elementor-widget-container\">\n\t\t\t\t\t<h3 class=\"elementor-heading-title elementor-size-default\">Laws \/ Regulations<\/h3>\t\t\t\t<\/div>\n\t\t\t\t<\/div>\n\t\t\t\t<div class=\"elementor-element elementor-element-20863b2 elementor-widget elementor-widget-text-editor\" data-id=\"20863b2\" data-element_type=\"widget\" data-e-type=\"widget\" data-widget_type=\"text-editor.default\">\n\t\t\t\t<div class=\"elementor-widget-container\">\n\t\t\t\t\t\t\t\t\t<p>Please access the FBS-G.P. LAWS\/REGULATIONS  here. (available soon)<\/p>\t\t\t\t\t\t\t\t<\/div>\n\t\t\t\t<\/div>\n\t\t\t\t\t<\/div>\n\t\t\t\t<\/div>\n\t\t<div class=\"elementor-element elementor-element-8bba001 e-flex e-con-boxed e-con e-parent\" data-id=\"8bba001\" data-element_type=\"container\" data-e-type=\"container\">\n\t\t\t\t\t<div class=\"e-con-inner\">\n\t\t\t\t<div class=\"elementor-element elementor-element-d103b6f elementor-widget elementor-widget-spacer\" data-id=\"d103b6f\" data-element_type=\"widget\" data-e-type=\"widget\" data-widget_type=\"spacer.default\">\n\t\t\t\t<div class=\"elementor-widget-container\">\n\t\t\t\t\t\t\t<div class=\"elementor-spacer\">\n\t\t\t<div class=\"elementor-spacer-inner\"><\/div>\n\t\t<\/div>\n\t\t\t\t\t\t<\/div>\n\t\t\t\t<\/div>\n\t\t\t\t\t<\/div>\n\t\t\t\t<\/div>\n\t\t\t\t<\/div>","protected":false},"excerpt":{"rendered":"<p>A Gest\u00e3o Somos gestores independentes construindo rela\u00e7\u00f5es de forte confian\u00e7a porque acreditamos s\u00f3 assim poderemos proporcionar um servi\u00e7o de qualidade prestamos um servi\u00e7o inovador parece formalizado e de excel\u00eancia gra\u00e7as a uma equipe com vasta experi\u00eancia e profundo conhecimento dos mercados financeiros. Equipe de Gest\u00e3o Fernando A. Botelho de SousaS\u00d3CIO-GERENTE E FUNDADOR (FBS-FUND GENERAL PARTNER [&hellip;]<\/p>\n","protected":false},"author":1,"featured_media":0,"parent":0,"menu_order":0,"comment_status":"closed","ping_status":"closed","template":"elementor_canvas","meta":{"footnotes":""},"class_list":["post-95","page","type-page","status-publish","hentry"],"_links":{"self":[{"href":"https:\/\/fbsgeneralpartner.com\/en\/wp-json\/wp\/v2\/pages\/95","targetHints":{"allow":["GET"]}}],"collection":[{"href":"https:\/\/fbsgeneralpartner.com\/en\/wp-json\/wp\/v2\/pages"}],"about":[{"href":"https:\/\/fbsgeneralpartner.com\/en\/wp-json\/wp\/v2\/types\/page"}],"author":[{"embeddable":true,"href":"https:\/\/fbsgeneralpartner.com\/en\/wp-json\/wp\/v2\/users\/1"}],"replies":[{"embeddable":true,"href":"https:\/\/fbsgeneralpartner.com\/en\/wp-json\/wp\/v2\/comments?post=95"}],"version-history":[{"count":69,"href":"https:\/\/fbsgeneralpartner.com\/en\/wp-json\/wp\/v2\/pages\/95\/revisions"}],"predecessor-version":[{"id":868,"href":"https:\/\/fbsgeneralpartner.com\/en\/wp-json\/wp\/v2\/pages\/95\/revisions\/868"}],"wp:attachment":[{"href":"https:\/\/fbsgeneralpartner.com\/en\/wp-json\/wp\/v2\/media?parent=95"}],"curies":[{"name":"wp","href":"https:\/\/api.w.org\/{rel}","templated":true}]}}