{"id":581,"date":"2024-08-17T17:30:49","date_gmt":"2024-08-17T17:30:49","guid":{"rendered":"https:\/\/fbsgeneralpartner.com\/?page_id=581"},"modified":"2024-09-13T07:53:16","modified_gmt":"2024-09-13T07:53:16","slug":"valores","status":"publish","type":"page","link":"https:\/\/fbsgeneralpartner.com\/fr\/valores\/","title":{"rendered":"Valeurs"},"content":{"rendered":"<div data-elementor-type=\"wp-page\" data-elementor-id=\"581\" class=\"elementor elementor-581\">\n\t\t\t\t<div class=\"elementor-element elementor-element-113850b animated-slow e-flex e-con-boxed elementor-invisible e-con e-parent\" data-id=\"113850b\" data-element_type=\"container\" data-e-type=\"container\" data-settings=\"{&quot;background_background&quot;:&quot;classic&quot;,&quot;animation&quot;:&quot;fadeIn&quot;,&quot;shape_divider_bottom&quot;:&quot;mountains&quot;}\">\n\t\t\t\t\t<div class=\"e-con-inner\">\n\t\t\t\t<div class=\"elementor-shape elementor-shape-bottom\" aria-hidden=\"true\" data-negative=\"false\">\n\t\t\t<svg xmlns=\"http:\/\/www.w3.org\/2000\/svg\" viewbox=\"0 0 1000 100\" preserveaspectratio=\"none\">\n\t<path class=\"elementor-shape-fill\" opacity=\"0.33\" d=\"M473,67.3c-203.9,88.3-263.1-34-320.3,0C66,119.1,0,59.7,0,59.7V0h1000v59.7 c0,0-62.1,26.1-94.9,29.3c-32.8,3.3-62.8-12.3-75.8-22.1C806,49.6,745.3,8.7,694.9,4.7S492.4,59,473,67.3z\"\/>\n\t<path class=\"elementor-shape-fill\" opacity=\"0.66\" d=\"M734,67.3c-45.5,0-77.2-23.2-129.1-39.1c-28.6-8.7-150.3-10.1-254,39.1 s-91.7-34.4-149.2,0C115.7,118.3,0,39.8,0,39.8V0h1000v36.5c0,0-28.2-18.5-92.1-18.5C810.2,18.1,775.7,67.3,734,67.3z\"\/>\n\t<path class=\"elementor-shape-fill\" d=\"M766.1,28.9c-200-57.5-266,65.5-395.1,19.5C242,1.8,242,5.4,184.8,20.6C128,35.8,132.3,44.9,89.9,52.5C28.6,63.7,0,0,0,0 h1000c0,0-9.9,40.9-83.6,48.1S829.6,47,766.1,28.9z\"\/>\n<\/svg>\t\t<\/div>\n\t\t\t\t<div class=\"elementor-element elementor-element-c39ebc4 elementor-widget elementor-widget-spacer\" data-id=\"c39ebc4\" data-element_type=\"widget\" data-e-type=\"widget\" data-widget_type=\"spacer.default\">\n\t\t\t\t<div class=\"elementor-widget-container\">\n\t\t\t\t\t\t\t<div class=\"elementor-spacer\">\n\t\t\t<div class=\"elementor-spacer-inner\"><\/div>\n\t\t<\/div>\n\t\t\t\t\t\t<\/div>\n\t\t\t\t<\/div>\n\t\t\t\t<div class=\"elementor-element elementor-element-176b8d8 animated-slow elementor-invisible elementor-widget elementor-widget-page-title\" data-id=\"176b8d8\" data-element_type=\"widget\" data-e-type=\"widget\" data-settings=\"{&quot;align&quot;:&quot;center&quot;,&quot;_animation&quot;:&quot;fadeIn&quot;,&quot;_animation_delay&quot;:500}\" data-widget_type=\"page-title.default\">\n\t\t\t\t<div class=\"elementor-widget-container\">\n\t\t\t\t\t\t\t\n\t\t<div class=\"hfe-page-title hfe-page-title-wrapper elementor-widget-heading\">\n\n\t\t\t\t\t\t\t\t\t\t\t<a href=\"https:\/\/fbsgeneralpartner.com\/fr\">\n\t\t\t\t\t\t<h1 class=\"elementor-heading-title elementor-size-default\">\n\t\t\t\t\t\t\t\t\n\t\t\t\tValeurs  \n\t\t\t<\/h1> \n\t\t\t\t\t\t\t\t\t<\/a>\n\t\t\t\t\t<\/div>\n\t\t\t\t\t\t<\/div>\n\t\t\t\t<\/div>\n\t\t\t\t<div class=\"elementor-element elementor-element-e4b9aa6 elementor-widget elementor-widget-spacer\" data-id=\"e4b9aa6\" data-element_type=\"widget\" data-e-type=\"widget\" data-widget_type=\"spacer.default\">\n\t\t\t\t<div class=\"elementor-widget-container\">\n\t\t\t\t\t\t\t<div class=\"elementor-spacer\">\n\t\t\t<div class=\"elementor-spacer-inner\"><\/div>\n\t\t<\/div>\n\t\t\t\t\t\t<\/div>\n\t\t\t\t<\/div>\n\t\t\t\t\t<\/div>\n\t\t\t\t<\/div>\n\t\t<div class=\"elementor-element elementor-element-74df88f e-flex e-con-boxed e-con e-parent\" data-id=\"74df88f\" data-element_type=\"container\" data-e-type=\"container\" data-settings=\"{&quot;background_background&quot;:&quot;classic&quot;}\">\n\t\t\t\t\t<div class=\"e-con-inner\">\n\t\t<div class=\"elementor-element elementor-element-2098a35 e-con-full e-flex e-con e-child\" data-id=\"2098a35\" data-element_type=\"container\" data-e-type=\"container\" data-settings=\"{&quot;background_background&quot;:&quot;classic&quot;}\">\n\t\t\t\t<div class=\"elementor-element elementor-element-8401c7f animated-slow elementor-invisible elementor-widget elementor-widget-text-editor\" data-id=\"8401c7f\" data-element_type=\"widget\" data-e-type=\"widget\" data-settings=\"{&quot;_animation&quot;:&quot;fadeIn&quot;}\" data-widget_type=\"text-editor.default\">\n\t\t\t\t<div class=\"elementor-widget-container\">\n\t\t\t\t\t\t\t\t\t<p>Nos valeurs sont <strong>l'investissement responsable, l'innovation, l'int\u00e9grit\u00e9 institutionnelle, <\/strong><\/p><p>FBS G.P.  Elle fonde son activit\u00e9 sur un cadre de valeurs et de principes consid\u00e9r\u00e9s comme fondamentaux pour une performance solide et \u00e0 long terme sur le march\u00e9 de la gestion d'entreprises d'investissement immobilier, l'un des aspects les plus pertinents du cadre de valeurs et de principes, avec l'adoption d'une posture et de normes de conduite applicables \u00e0 l'activit\u00e9 de rigueur et d'\u00e9thique dans la relation avec toutes les entit\u00e9s avec lesquelles FBS G.P.   Il est li\u00e9 \u00e0 tous les employ\u00e9s et organes sociaux et au respect scrupuleux du Code d'\u00e9thique et de conduite.<\/p><p><strong>Nous adoptons une approche disciplin\u00e9e et quantifi\u00e9e des diff\u00e9rentes dimensions de la gestion des investissements.<\/strong><\/p>\t\t\t\t\t\t\t\t<\/div>\n\t\t\t\t<\/div>\n\t\t\t\t<\/div>\n\t\t\t\t\t<\/div>\n\t\t\t\t<\/div>\n\t\t<div class=\"elementor-element elementor-element-7fd3eba e-flex e-con-boxed e-con e-parent\" data-id=\"7fd3eba\" data-element_type=\"container\" data-e-type=\"container\">\n\t\t\t\t\t<div class=\"e-con-inner\">\n\t\t<div class=\"elementor-element elementor-element-6a0f793 e-con-full e-flex e-con e-child\" data-id=\"6a0f793\" data-element_type=\"container\" data-e-type=\"container\">\n\t\t\t\t<div class=\"elementor-element elementor-element-ddd52d9 abparallaxup20 elementor-widget elementor-widget-image\" data-id=\"ddd52d9\" data-element_type=\"widget\" data-e-type=\"widget\" data-widget_type=\"image.default\">\n\t\t\t\t<div class=\"elementor-widget-container\">\n\t\t\t\t\t\t\t\t\t\t\t\t\t\t\t<img decoding=\"async\" src=\"https:\/\/fbsgeneralpartner.com\/wp-content\/uploads\/elementor\/thumbs\/porto-katsiki-beach-lefkada-greece-2023-11-27-05-28-56-utc-min-r3x79rcvmaq7gqnu53escexa5l1jvk3jn5x1r6y0z4.jpg\" title=\"porto-katsiki-beach-lefkada-greece-2023-11-27-05-28-56-utc-min\" alt=\"porto-katsiki-beach-lefkada-greece-2023-11-27-05-28-56-utc-min\" loading=\"lazy\" \/>\t\t\t\t\t\t\t\t\t\t\t\t\t\t\t<\/div>\n\t\t\t\t<\/div>\n\t\t\t\t<\/div>\n\t\t<div class=\"elementor-element elementor-element-95931c4 e-con-full e-flex e-con e-child\" data-id=\"95931c4\" data-element_type=\"container\" data-e-type=\"container\">\n\t\t\t\t<div class=\"elementor-element elementor-element-5aa9a42 abparallaxup30 elementor-widget elementor-widget-image\" data-id=\"5aa9a42\" data-element_type=\"widget\" data-e-type=\"widget\" data-widget_type=\"image.default\">\n\t\t\t\t<div class=\"elementor-widget-container\">\n\t\t\t\t\t\t\t\t\t\t\t\t\t\t\t<img decoding=\"async\" src=\"https:\/\/fbsgeneralpartner.com\/wp-content\/uploads\/elementor\/thumbs\/sexy-woman-in-bikini-enjoying-summer-vacation-on-b-2024-02-07-05-45-41-utc-min-r3x79rcvmapn05bjt0qbtb39rqlclo4d1of7q8f1xk.jpg\" title=\"sexy-woman-in-bikini-enjoying-summer-vacation-on-b-2024-02-07-05-45-41-utc-min\" alt=\"sexy-woman-in-bikini-enjoying-summer-vacation-on-b-2024-02-07-05-45-41-utc-min\" loading=\"lazy\" \/>\t\t\t\t\t\t\t\t\t\t\t\t\t\t\t<\/div>\n\t\t\t\t<\/div>\n\t\t\t\t<\/div>\n\t\t\t\t\t<\/div>\n\t\t\t\t<\/div>\n\t\t<div class=\"elementor-element elementor-element-a4a8f56 e-flex e-con-boxed e-con e-parent\" data-id=\"a4a8f56\" data-element_type=\"container\" data-e-type=\"container\" data-settings=\"{&quot;background_background&quot;:&quot;classic&quot;}\">\n\t\t\t\t\t<div class=\"e-con-inner\">\n\t\t<div class=\"elementor-element elementor-element-8f27b58 e-con-full e-flex e-con e-child\" data-id=\"8f27b58\" data-element_type=\"container\" data-e-type=\"container\" data-settings=\"{&quot;background_background&quot;:&quot;classic&quot;}\">\n\t\t\t\t<div class=\"elementor-element elementor-element-7ab6b7e elementor-widget__width-initial elementor-widget elementor-widget-text-editor\" data-id=\"7ab6b7e\" data-element_type=\"widget\" data-e-type=\"widget\" data-widget_type=\"text-editor.default\">\n\t\t\t\t<div class=\"elementor-widget-container\">\n\t\t\t\t\t\t\t\t\t<p>Nous travaillons avec d\u00e9vouement, nous promettons un engagement et une valeur ajout\u00e9e, nous prenons soin de vos actifs et le r\u00e9sultat se mat\u00e9rialise lorsque nous trouvons la bonne solution pour vous. Nous assumons la culture d'entreprise, les valeurs du groupe auquel nous appartenons, c'est \u00e0 travers ces valeurs que nous guidons toute notre occupation.<\/p><p>Nous cultivons des relations de confiance, nous traitons nos clients de mani\u00e8re personnalis\u00e9e, nous appr\u00e9cions leurs retours dont nous tirons des enseignements. Nous ajustons nos processus, nous cherchons \u00e0 \u00eatre un exemple pour le march\u00e9 en assumant toujours nos responsabilit\u00e9s, nous agissons correctement, nous tenons nos promesses, nous trouvons des solutions raisonnables pour que nos clients r\u00e9gularisent leur situation financi\u00e8re.<\/p>\t\t\t\t\t\t\t\t<\/div>\n\t\t\t\t<\/div>\n\t\t\t\t<\/div>\n\t\t\t\t\t<\/div>\n\t\t\t\t<\/div>\n\t\t<div class=\"elementor-element elementor-element-e8ed989 e-flex e-con-boxed e-con e-parent\" data-id=\"e8ed989\" data-element_type=\"container\" data-e-type=\"container\">\n\t\t\t\t\t<div class=\"e-con-inner\">\n\t\t<div class=\"elementor-element elementor-element-8256d0a e-con-full e-flex e-con e-child\" data-id=\"8256d0a\" data-element_type=\"container\" data-e-type=\"container\">\n\t\t\t\t<div class=\"elementor-element elementor-element-f2024f3 abparallaxup30 elementor-widget elementor-widget-image\" data-id=\"f2024f3\" data-element_type=\"widget\" data-e-type=\"widget\" data-widget_type=\"image.default\">\n\t\t\t\t<div class=\"elementor-widget-container\">\n\t\t\t\t\t\t\t\t\t\t\t\t\t\t\t<img decoding=\"async\" src=\"https:\/\/fbsgeneralpartner.com\/wp-content\/uploads\/elementor\/thumbs\/young-smiling-woman-in-stylish-clothing-walking-on-2023-11-27-05-20-50-utc-min-r3x79rcwu5i2m5ha7xlhxdxmt2sz9fc2xh0dvmw9yo.jpg\" title=\"young-smiling-woman-in-stylish-clothing-walking-on-2023-11-27-05-20-50-utc-min\" alt=\"young-smiling-woman-in-stylish-clothing-walking-on-2023-11-27-05-20-50-utc-min\" loading=\"lazy\" \/>\t\t\t\t\t\t\t\t\t\t\t\t\t\t\t<\/div>\n\t\t\t\t<\/div>\n\t\t\t\t<\/div>\n\t\t<div class=\"elementor-element elementor-element-ff7d831 e-con-full e-flex e-con e-child\" data-id=\"ff7d831\" data-element_type=\"container\" data-e-type=\"container\">\n\t\t\t\t<div class=\"elementor-element elementor-element-7ef77f2 animated-slow elementor-invisible elementor-widget elementor-widget-heading\" data-id=\"7ef77f2\" data-element_type=\"widget\" data-e-type=\"widget\" data-settings=\"{&quot;_animation&quot;:&quot;fadeIn&quot;}\" data-widget_type=\"heading.default\">\n\t\t\t\t<div class=\"elementor-widget-container\">\n\t\t\t\t\t<h2 class=\"elementor-heading-title elementor-size-default\">O nosso lema<\/h2>\t\t\t\t<\/div>\n\t\t\t\t<\/div>\n\t\t\t\t<div class=\"elementor-element elementor-element-6f6c34d animated-slow elementor-invisible elementor-widget elementor-widget-text-editor\" data-id=\"6f6c34d\" data-element_type=\"widget\" data-e-type=\"widget\" data-settings=\"{&quot;_animation&quot;:&quot;fadeIn&quot;}\" data-widget_type=\"text-editor.default\">\n\t\t\t\t<div class=\"elementor-widget-container\">\n\t\t\t\t\t\t\t\t\t<p>Nous aimons les d\u00e9fis, nous partageons des id\u00e9es et r\u00e9alisons des projets. Nous sommes des innovateurs et utilisons notre exp\u00e9rience pour mener le changement et l'innovation, nous r\u00e9ussissons ensemble. Nous menons nos activit\u00e9s de mani\u00e8re \u00e0 assurer le succ\u00e8s de nos clients et notre succ\u00e8s.<\/p><p>Nos valeurs sont plus que des mots, elles fa\u00e7onnent tout ce que nous faisons. Notre <strong>devise<\/strong>:<\/p><ol><li>Transparence<\/li><li>Confidentialit\u00e9<\/li><li>Respect scrupuleux des bonnes pratiques et de la r\u00e9glementation en vigueur<\/li><li>Ind\u00e9pendance de gestion sans conflits d'int\u00e9r\u00eats<\/li><li>Excellence et professionnalisme dans le service fourni et dans la livraison des r\u00e9sultats aux clients<\/li><li>\u00c9quipe de direction coh\u00e9sive et ind\u00e9pendante<\/li><\/ol>\t\t\t\t\t\t\t\t<\/div>\n\t\t\t\t<\/div>\n\t\t\t\t<div class=\"elementor-element elementor-element-4c63702 elementor-widget elementor-widget-spacer\" data-id=\"4c63702\" data-element_type=\"widget\" data-e-type=\"widget\" data-widget_type=\"spacer.default\">\n\t\t\t\t<div class=\"elementor-widget-container\">\n\t\t\t\t\t\t\t<div class=\"elementor-spacer\">\n\t\t\t<div class=\"elementor-spacer-inner\"><\/div>\n\t\t<\/div>\n\t\t\t\t\t\t<\/div>\n\t\t\t\t<\/div>\n\t\t\t\t<div class=\"elementor-element elementor-element-2c1552f animated-slow elementor-invisible elementor-widget elementor-widget-button\" data-id=\"2c1552f\" data-element_type=\"widget\" data-e-type=\"widget\" data-settings=\"{&quot;_animation&quot;:&quot;fadeIn&quot;}\" data-widget_type=\"button.default\">\n\t\t\t\t<div class=\"elementor-widget-container\">\n\t\t\t\t\t\t\t\t\t<div class=\"elementor-button-wrapper\">\n\t\t\t\t\t<a class=\"elementor-button elementor-button-link elementor-size-sm\" href=\"https:\/\/fbsgeneralpartner.com\/fr\/contactos\/\">\n\t\t\t\t\t\t<span class=\"elementor-button-content-wrapper\">\n\t\t\t\t\t\t\t\t\t<span class=\"elementor-button-text\">Contactez-nous<\/span>\n\t\t\t\t\t<\/span>\n\t\t\t\t\t<\/a>\n\t\t\t\t<\/div>\n\t\t\t\t\t\t\t\t<\/div>\n\t\t\t\t<\/div>\n\t\t\t\t<\/div>\n\t\t\t\t\t<\/div>\n\t\t\t\t<\/div>\n\t\t\t\t<\/div>","protected":false},"excerpt":{"rendered":"<p>Valores Os nossos Valores s\u00e3o Investimento Respons\u00e1vel, Inova\u00e7\u00e3o, Integridade Institucional, Transpar\u00eancia, Envolvimento Comunit\u00e1rio, \u00c9tica e Lideran\u00e7a. Pautamos a nossa atividade num quadro de valores e princ\u00edpios que se consideram fundamentais para um desempenho s\u00f3lido e de longo prazo no mercado de gest\u00e3o de organismos de investimento imobili\u00e1rio um dos aspetos mais relevantes do quadro de [&hellip;]<\/p>\n","protected":false},"author":1,"featured_media":0,"parent":0,"menu_order":0,"comment_status":"closed","ping_status":"closed","template":"elementor_canvas","meta":{"footnotes":""},"class_list":["post-581","page","type-page","status-publish","hentry"],"_links":{"self":[{"href":"https:\/\/fbsgeneralpartner.com\/fr\/wp-json\/wp\/v2\/pages\/581","targetHints":{"allow":["GET"]}}],"collection":[{"href":"https:\/\/fbsgeneralpartner.com\/fr\/wp-json\/wp\/v2\/pages"}],"about":[{"href":"https:\/\/fbsgeneralpartner.com\/fr\/wp-json\/wp\/v2\/types\/page"}],"author":[{"embeddable":true,"href":"https:\/\/fbsgeneralpartner.com\/fr\/wp-json\/wp\/v2\/users\/1"}],"replies":[{"embeddable":true,"href":"https:\/\/fbsgeneralpartner.com\/fr\/wp-json\/wp\/v2\/comments?post=581"}],"version-history":[{"count":46,"href":"https:\/\/fbsgeneralpartner.com\/fr\/wp-json\/wp\/v2\/pages\/581\/revisions"}],"predecessor-version":[{"id":732,"href":"https:\/\/fbsgeneralpartner.com\/fr\/wp-json\/wp\/v2\/pages\/581\/revisions\/732"}],"wp:attachment":[{"href":"https:\/\/fbsgeneralpartner.com\/fr\/wp-json\/wp\/v2\/media?parent=581"}],"curies":[{"name":"wp","href":"https:\/\/api.w.org\/{rel}","templated":true}]}}