{"id":99,"date":"2024-07-06T18:20:14","date_gmt":"2024-07-06T18:20:14","guid":{"rendered":"https:\/\/fbsgeneralpartner.com\/?page_id=99"},"modified":"2025-01-19T08:05:43","modified_gmt":"2025-01-19T08:05:43","slug":"termos-e-condicoes","status":"publish","type":"page","link":"https:\/\/fbsgeneralpartner.com\/fr\/termos-e-condicoes\/","title":{"rendered":"Termes et conditions"},"content":{"rendered":"<div data-elementor-type=\"wp-page\" data-elementor-id=\"99\" class=\"elementor elementor-99\">\n\t\t\t\t<div class=\"elementor-element elementor-element-7e8475a animated-slow e-flex e-con-boxed elementor-invisible e-con e-parent\" data-id=\"7e8475a\" data-element_type=\"container\" data-e-type=\"container\" data-settings=\"{&quot;background_background&quot;:&quot;classic&quot;,&quot;animation&quot;:&quot;fadeIn&quot;,&quot;shape_divider_bottom&quot;:&quot;mountains&quot;}\">\n\t\t\t\t\t<div class=\"e-con-inner\">\n\t\t\t\t<div class=\"elementor-shape elementor-shape-bottom\" aria-hidden=\"true\" data-negative=\"false\">\n\t\t\t<svg xmlns=\"http:\/\/www.w3.org\/2000\/svg\" viewbox=\"0 0 1000 100\" preserveaspectratio=\"none\">\n\t<path class=\"elementor-shape-fill\" opacity=\"0.33\" d=\"M473,67.3c-203.9,88.3-263.1-34-320.3,0C66,119.1,0,59.7,0,59.7V0h1000v59.7 c0,0-62.1,26.1-94.9,29.3c-32.8,3.3-62.8-12.3-75.8-22.1C806,49.6,745.3,8.7,694.9,4.7S492.4,59,473,67.3z\"\/>\n\t<path class=\"elementor-shape-fill\" opacity=\"0.66\" d=\"M734,67.3c-45.5,0-77.2-23.2-129.1-39.1c-28.6-8.7-150.3-10.1-254,39.1 s-91.7-34.4-149.2,0C115.7,118.3,0,39.8,0,39.8V0h1000v36.5c0,0-28.2-18.5-92.1-18.5C810.2,18.1,775.7,67.3,734,67.3z\"\/>\n\t<path class=\"elementor-shape-fill\" d=\"M766.1,28.9c-200-57.5-266,65.5-395.1,19.5C242,1.8,242,5.4,184.8,20.6C128,35.8,132.3,44.9,89.9,52.5C28.6,63.7,0,0,0,0 h1000c0,0-9.9,40.9-83.6,48.1S829.6,47,766.1,28.9z\"\/>\n<\/svg>\t\t<\/div>\n\t\t\t\t<div class=\"elementor-element elementor-element-52dc0b7 elementor-widget elementor-widget-spacer\" data-id=\"52dc0b7\" data-element_type=\"widget\" data-e-type=\"widget\" data-widget_type=\"spacer.default\">\n\t\t\t\t<div class=\"elementor-widget-container\">\n\t\t\t\t\t\t\t<div class=\"elementor-spacer\">\n\t\t\t<div class=\"elementor-spacer-inner\"><\/div>\n\t\t<\/div>\n\t\t\t\t\t\t<\/div>\n\t\t\t\t<\/div>\n\t\t\t\t<div class=\"elementor-element elementor-element-44389cd animated-slow elementor-invisible elementor-widget elementor-widget-page-title\" data-id=\"44389cd\" data-element_type=\"widget\" data-e-type=\"widget\" data-settings=\"{&quot;align&quot;:&quot;center&quot;,&quot;_animation&quot;:&quot;fadeIn&quot;,&quot;_animation_delay&quot;:500}\" data-widget_type=\"page-title.default\">\n\t\t\t\t<div class=\"elementor-widget-container\">\n\t\t\t\t\t\t\t\n\t\t<div class=\"hfe-page-title hfe-page-title-wrapper elementor-widget-heading\">\n\n\t\t\t\t\t\t\t\t\t\t\t<a href=\"https:\/\/fbsgeneralpartner.com\/fr\">\n\t\t\t\t\t\t<h1 class=\"elementor-heading-title elementor-size-default\">\n\t\t\t\t\t\t\t\t\n\t\t\t\tTermes et conditions  \n\t\t\t<\/h1> \n\t\t\t\t\t\t\t\t\t<\/a>\n\t\t\t\t\t<\/div>\n\t\t\t\t\t\t<\/div>\n\t\t\t\t<\/div>\n\t\t\t\t<div class=\"elementor-element elementor-element-e5ec65e elementor-widget elementor-widget-spacer\" data-id=\"e5ec65e\" data-element_type=\"widget\" data-e-type=\"widget\" data-widget_type=\"spacer.default\">\n\t\t\t\t<div class=\"elementor-widget-container\">\n\t\t\t\t\t\t\t<div class=\"elementor-spacer\">\n\t\t\t<div class=\"elementor-spacer-inner\"><\/div>\n\t\t<\/div>\n\t\t\t\t\t\t<\/div>\n\t\t\t\t<\/div>\n\t\t\t\t\t<\/div>\n\t\t\t\t<\/div>\n\t\t<div class=\"elementor-element elementor-element-2f4cb2bc e-flex e-con-boxed e-con e-parent\" data-id=\"2f4cb2bc\" data-element_type=\"container\" data-e-type=\"container\">\n\t\t\t\t\t<div class=\"e-con-inner\">\n\t\t\t\t<div class=\"elementor-element elementor-element-168b954a elementor-widget elementor-widget-text-editor\" data-id=\"168b954a\" data-element_type=\"widget\" data-e-type=\"widget\" data-widget_type=\"text-editor.default\">\n\t\t\t\t<div class=\"elementor-widget-container\">\n\t\t\t\t\t\t\t\t\t\n<p><\/p>\n<p>Le contenu de ce site Web est fourni \u00e0 titre d&#8217;information g\u00e9n\u00e9rale et d&#8217;illustration seulement. Il ne s&#8217;agit pas d&#8217;une publicit\u00e9 et ne doit pas \u00eatre consid\u00e9r\u00e9 comme une offre ou une sollicitation d&#8217;achat, de vente ou de transaction avec un investissement particulier. Toute information fournie n&#8217;est pas destin\u00e9e et ne constitue pas un conseil financier, fiscal, juridique, d&#8217;investissement ou tout autre type de conseil, et la pertinence ou la valeur potentielle de toute information ou source d&#8217;investissement particuli\u00e8re n&#8217;est pas garantie.<br \/>Les performances pass\u00e9es et les pr\u00e9visions ne sont pas n\u00e9cessairement indicatives des performances futures. La valeur des unit\u00e9s et les revenus qui en d\u00e9coulent peuvent baisser ou augmenter. Les fonds sont soumis \u00e0 des risques d&#8217;investissement, y compris la perte \u00e9ventuelle du montant principal investi. Avant d&#8217;investir, vous devez lire le prospectus correspondant, disponible aupr\u00e8s de FBS-FUND GENERAL PARTNER G.P. Sarl ou disponible sur ce site Web ou aupr\u00e8s de l&#8217;un des distributeurs d\u00e9sign\u00e9s de FBS-FUND GENERAL PARTNER G.P. Sarl.<br \/>Vous voudrez peut-\u00eatre obtenir les conseils d&#8217;un conseiller financier avant de vous engager \u00e0 investir dans des unit\u00e9s, et si vous choisissez de ne pas demander conseil \u00e0 un conseiller financier avant d&#8217;investir dans un fonds, vous devez vous demander si le fonds s\u00e9lectionn\u00e9 vous convient.<br \/>Bien que des pr\u00e9cautions aient \u00e9t\u00e9 prises et continueront d&#8217;\u00eatre prises pour que les informations contenues dans le pr\u00e9sent document soient v\u00e9ridiques et correctes, l&#8217;exactitude, l&#8217;actualit\u00e9 ou l&#8217;exhaustivit\u00e9 des informations fournies ne sont pas garanties. FBS-FUND GENERAL PARTNER G.P. Sarl n&#8217;est pas responsable et, par cons\u00e9quent, d\u00e9cline toute responsabilit\u00e9 pour toute perte ou tout dommage de quelque nature que ce soit (y compris les pertes ou dommages indirects) subi ou encouru, directement ou indirectement, par l&#8217;utilisateur ou toute autre personne en raison de la confiance, ou de l&#8217;utilisation de, ou de toute question relative \u00e0, les informations contenues sur ce site Web.<br \/>FBS-FUND GENERAL PARTNER G.P. Sarl est un gestionnaire de fonds conform\u00e9ment aux lois du Luxembourg et aux directives de l&#8217;UE.<br \/>\u00a0<br \/>\u00a9 Copyright 2024<\/p>\n<p>Toutes les informations figurant sur ce site web sont la propri\u00e9t\u00e9 de FBS-FUND GENERAL PARTNER G.P. Sarl (\u00ab FBS-FUND \u00bb) ou de ses conc\u00e9dants de licence et sont prot\u00e9g\u00e9es par le droit d&#8217;auteur et d&#8217;autres lois sur la propri\u00e9t\u00e9 intellectuelle. Il ne peut \u00eatre copi\u00e9, visualis\u00e9, t\u00e9l\u00e9charg\u00e9, reproduit, vendu ou distribu\u00e9 sans l&#8217;accord \u00e9crit pr\u00e9alable de FBS-FUND GENERAL PARTNER G.P. Sarl, sauf \u00e0 des fins personnelles et non commerciales.<\/p>\n<p>FBS-FUND GENERAL PARTNER G.P. Sarl est agr\u00e9\u00e9 en vertu des lois luxembourgeoises et de la directive AIFM et est donc autoris\u00e9 \u00e0 mener des activit\u00e9s de gestion de fonds pour servir UNIQUEMENT des investisseurs financiers avertis.<\/p>\n<p><br \/><br \/><\/p>\n<p><\/p>\n\t\t\t\t\t\t\t\t<\/div>\n\t\t\t\t<\/div>\n\t\t\t\t\t<\/div>\n\t\t\t\t<\/div>\n\t\t\t\t<\/div>","protected":false},"excerpt":{"rendered":"<p>Termes et conditions<\/p>","protected":false},"author":1,"featured_media":0,"parent":0,"menu_order":0,"comment_status":"closed","ping_status":"closed","template":"elementor_canvas","meta":{"footnotes":""},"class_list":["post-99","page","type-page","status-publish","hentry"],"_links":{"self":[{"href":"https:\/\/fbsgeneralpartner.com\/fr\/wp-json\/wp\/v2\/pages\/99","targetHints":{"allow":["GET"]}}],"collection":[{"href":"https:\/\/fbsgeneralpartner.com\/fr\/wp-json\/wp\/v2\/pages"}],"about":[{"href":"https:\/\/fbsgeneralpartner.com\/fr\/wp-json\/wp\/v2\/types\/page"}],"author":[{"embeddable":true,"href":"https:\/\/fbsgeneralpartner.com\/fr\/wp-json\/wp\/v2\/users\/1"}],"replies":[{"embeddable":true,"href":"https:\/\/fbsgeneralpartner.com\/fr\/wp-json\/wp\/v2\/comments?post=99"}],"version-history":[{"count":17,"href":"https:\/\/fbsgeneralpartner.com\/fr\/wp-json\/wp\/v2\/pages\/99\/revisions"}],"predecessor-version":[{"id":925,"href":"https:\/\/fbsgeneralpartner.com\/fr\/wp-json\/wp\/v2\/pages\/99\/revisions\/925"}],"wp:attachment":[{"href":"https:\/\/fbsgeneralpartner.com\/fr\/wp-json\/wp\/v2\/media?parent=99"}],"curies":[{"name":"wp","href":"https:\/\/api.w.org\/{rel}","templated":true}]}}